{"id":1129,"date":"2025-04-24T10:31:47","date_gmt":"2025-04-24T10:31:47","guid":{"rendered":"https:\/\/ofems.com\/?page_id=1129"},"modified":"2025-04-24T11:39:37","modified_gmt":"2025-04-24T11:39:37","slug":"goekeler","status":"publish","type":"page","link":"https:\/\/ofems.com\/?page_id=1129","title":{"rendered":"GOEKELER"},"content":{"rendered":"\t\t<div data-elementor-type=\"wp-page\" data-elementor-id=\"1129\" class=\"elementor elementor-1129\" data-elementor-post-type=\"page\">\n\t\t\t\t<div class=\"elementor-element elementor-element-5679db0 e-flex e-con-boxed e-con e-parent\" data-id=\"5679db0\" data-element_type=\"container\" data-e-type=\"container\">\n\t\t\t\t\t<div class=\"e-con-inner\">\n\t\t\t\t<div class=\"elementor-element elementor-element-e5245d0 elementor-cta--skin-classic elementor-animated-content elementor-bg-transform elementor-bg-transform-zoom-in elementor-widget elementor-widget-call-to-action\" data-id=\"e5245d0\" data-element_type=\"widget\" data-e-type=\"widget\" data-widget_type=\"call-to-action.default\">\n\t\t\t\t\t\t\t<div class=\"elementor-cta\">\n\t\t\t\t\t<div class=\"elementor-cta__bg-wrapper\">\n\t\t\t\t<div class=\"elementor-cta__bg elementor-bg\" style=\"background-image: url(https:\/\/ofems.com\/wp-content\/uploads\/2025\/04\/IMG_0986-1024x683.jpg);\" role=\"img\" aria-label=\"IMG_0986\"><\/div>\n\t\t\t\t<div class=\"elementor-cta__bg-overlay\"><\/div>\n\t\t\t<\/div>\n\t\t\t\t\t\t\t<div class=\"elementor-cta__content\">\n\t\t\t\t\n\t\t\t\t\t\t\t\t\t<h2 class=\"elementor-cta__title elementor-cta__content-item elementor-content-item\">\n\t\t\t\t\t\tGOEKELER CMM PROBE\t\t\t\t\t<\/h2>\n\t\t\t\t\n\t\t\t\t\t\t\t\t\t<div class=\"elementor-cta__description elementor-cta__content-item elementor-content-item\">\n\t\t\t\t\t\t\u00dcRETICINIZ\nPREMIUM STYLI I\u00c7IN\nVE \u00d6NC\u00dc\nBIREYSEL \u00c7\u00d6Z\u00dcMLER.\t\t\t\t\t<\/div>\n\t\t\t\t\n\t\t\t\t\t\t\t\t\t<div class=\"elementor-cta__button-wrapper elementor-cta__content-item elementor-content-item \">\n\t\t\t\t\t<a class=\"elementor-cta__button elementor-button elementor-size-\" href=\"https:\/\/shop.goekeler.com\/en\/\">\n\t\t\t\t\t\tMA\u011eAZA\t\t\t\t\t<\/a>\n\t\t\t\t\t<\/div>\n\t\t\t\t\t\t\t<\/div>\n\t\t\t\t\t\t<\/div>\n\t\t\t\t\t\t<\/div>\n\t\t\t\t\t<\/div>\n\t\t\t\t<\/div>\n\t\t<div class=\"elementor-element elementor-element-09f14a2 e-flex e-con-boxed e-con e-parent\" data-id=\"09f14a2\" data-element_type=\"container\" data-e-type=\"container\">\n\t\t\t\t\t<div class=\"e-con-inner\">\n\t\t\t\t<div class=\"elementor-element elementor-element-eb0a747 elementor-widget elementor-widget-heading\" data-id=\"eb0a747\" data-element_type=\"widget\" data-e-type=\"widget\" data-widget_type=\"heading.default\">\n\t\t\t\t\t<h2 class=\"elementor-heading-title elementor-size-default\">GOEKELER MA\u011eAZASINA HO\u015e GELDINIZ<\/h2>\t\t\t\t<\/div>\n\t\t\t\t\t<\/div>\n\t\t\t\t<\/div>\n\t\t<div class=\"elementor-element elementor-element-6fe0df7 e-flex e-con-boxed e-con e-parent\" data-id=\"6fe0df7\" data-element_type=\"container\" data-e-type=\"container\">\n\t\t\t\t\t<div class=\"e-con-inner\">\n\t\t\t\t<div class=\"elementor-element elementor-element-0e87ad0 elementor-widget elementor-widget-image\" data-id=\"0e87ad0\" data-element_type=\"widget\" data-e-type=\"widget\" data-widget_type=\"image.default\">\n\t\t\t\t\t\t\t\t\t\t\t\t\t\t\t<img fetchpriority=\"high\" fetchpriority=\"high\" decoding=\"async\" width=\"1024\" height=\"576\" src=\"https:\/\/ofems.com\/wp-content\/uploads\/2025\/04\/IMG_0988-1024x576.webp\" class=\"attachment-large size-large wp-image-1112\" alt=\"\" srcset=\"https:\/\/ofems.com\/wp-content\/uploads\/2025\/04\/IMG_0988-1024x576.webp 1024w, https:\/\/ofems.com\/wp-content\/uploads\/2025\/04\/IMG_0988-300x169.webp 300w, https:\/\/ofems.com\/wp-content\/uploads\/2025\/04\/IMG_0988-768x432.webp 768w, https:\/\/ofems.com\/wp-content\/uploads\/2025\/04\/IMG_0988-1536x864.webp 1536w, https:\/\/ofems.com\/wp-content\/uploads\/2025\/04\/IMG_0988-500x281.webp 500w, https:\/\/ofems.com\/wp-content\/uploads\/2025\/04\/IMG_0988-700x394.webp 700w, https:\/\/ofems.com\/wp-content\/uploads\/2025\/04\/IMG_0988.webp 1920w\" sizes=\"(max-width: 1024px) 100vw, 1024px\" \/>\t\t\t\t\t\t\t\t\t\t\t\t\t\t\t<\/div>\n\t\t\t\t\t<\/div>\n\t\t\t\t<\/div>\n\t\t<div class=\"elementor-element elementor-element-6980aa5 e-flex e-con-boxed e-con e-parent\" data-id=\"6980aa5\" data-element_type=\"container\" data-e-type=\"container\">\n\t\t\t\t\t<div class=\"e-con-inner\">\n\t\t<div class=\"elementor-element elementor-element-124fca2 e-con-full e-flex e-con e-child\" data-id=\"124fca2\" data-element_type=\"container\" data-e-type=\"container\">\n\t\t\t\t<div class=\"elementor-element elementor-element-6b9ddab elementor-position-top elementor-widget elementor-widget-image-box\" data-id=\"6b9ddab\" data-element_type=\"widget\" data-e-type=\"widget\" data-widget_type=\"image-box.default\">\n\t\t\t\t\t<div class=\"elementor-image-box-wrapper\"><figure class=\"elementor-image-box-img\"><a href=\"https:\/\/shop.goekeler.com\/en\/Styli-accessories\/\" tabindex=\"-1\"><img loading=\"lazy\" decoding=\"async\" width=\"935\" height=\"540\" src=\"https:\/\/ofems.com\/wp-content\/uploads\/2025\/04\/Goruntu-24.04.2025-14.12-935x540.webp\" class=\"attachment-entr-img size-entr-img wp-image-1140\" alt=\"\" \/><\/a><\/figure><div class=\"elementor-image-box-content\"><h3 class=\"elementor-image-box-title\"><a href=\"https:\/\/shop.goekeler.com\/en\/Styli-accessories\/\">Styli ve aksesuarlar<\/a><\/h3><p class=\"elementor-image-box-description\">Buradan t\u00fcm \u00fcr\u00fcnlere ve fiyatlara ula\u015fabilirsiniz<\/p><\/div><\/div>\t\t\t\t<\/div>\n\t\t\t\t<\/div>\n\t\t<div class=\"elementor-element elementor-element-69e3ff0 e-con-full e-flex e-con e-child\" data-id=\"69e3ff0\" data-element_type=\"container\" data-e-type=\"container\">\n\t\t\t\t<div class=\"elementor-element elementor-element-a28e258 elementor-position-top elementor-widget elementor-widget-image-box\" data-id=\"a28e258\" data-element_type=\"widget\" data-e-type=\"widget\" data-widget_type=\"image-box.default\">\n\t\t\t\t\t<div class=\"elementor-image-box-wrapper\"><figure class=\"elementor-image-box-img\"><a href=\"https:\/\/shop.goekeler.com\/en\/ICT\/\" tabindex=\"-1\"><img loading=\"lazy\" decoding=\"async\" width=\"840\" height=\"630\" src=\"https:\/\/ofems.com\/wp-content\/uploads\/2025\/04\/IMG_0992.webp\" class=\"attachment-full size-full wp-image-1118\" alt=\"\" srcset=\"https:\/\/ofems.com\/wp-content\/uploads\/2025\/04\/IMG_0992.webp 840w, https:\/\/ofems.com\/wp-content\/uploads\/2025\/04\/IMG_0992-300x225.webp 300w, https:\/\/ofems.com\/wp-content\/uploads\/2025\/04\/IMG_0992-768x576.webp 768w, https:\/\/ofems.com\/wp-content\/uploads\/2025\/04\/IMG_0992-500x375.webp 500w, https:\/\/ofems.com\/wp-content\/uploads\/2025\/04\/IMG_0992-700x525.webp 700w\" sizes=\"(max-width: 840px) 100vw, 840px\" \/><\/a><\/figure><div class=\"elementor-image-box-content\"><h3 class=\"elementor-image-box-title\"><a href=\"https:\/\/shop.goekeler.com\/en\/ICT\/\">ICT Kalibrasyon<\/a><\/h3><p class=\"elementor-image-box-description\">Buradan t\u00fcm \u00fcr\u00fcnlere ve fiyatlara ula\u015fabilirsiniz<\/p><\/div><\/div>\t\t\t\t<\/div>\n\t\t\t\t<\/div>\n\t\t<div class=\"elementor-element elementor-element-6ed0712 e-con-full e-flex e-con e-child\" data-id=\"6ed0712\" data-element_type=\"container\" data-e-type=\"container\">\n\t\t\t\t<div class=\"elementor-element elementor-element-46d0b33 elementor-position-top elementor-widget elementor-widget-image-box\" data-id=\"46d0b33\" data-element_type=\"widget\" data-e-type=\"widget\" data-widget_type=\"image-box.default\">\n\t\t\t\t\t<div class=\"elementor-image-box-wrapper\"><figure class=\"elementor-image-box-img\"><a href=\"https:\/\/shop.goekeler.com\/en\/FOK\/\" tabindex=\"-1\"><img loading=\"lazy\" loading=\"lazy\" decoding=\"async\" width=\"935\" height=\"701\" src=\"https:\/\/ofems.com\/wp-content\/uploads\/2025\/04\/Goruntu-24.04.2025-14.31.webp\" class=\"attachment-full size-full wp-image-1142\" alt=\"\" srcset=\"https:\/\/ofems.com\/wp-content\/uploads\/2025\/04\/Goruntu-24.04.2025-14.31.webp 935w, https:\/\/ofems.com\/wp-content\/uploads\/2025\/04\/Goruntu-24.04.2025-14.31-300x225.webp 300w, https:\/\/ofems.com\/wp-content\/uploads\/2025\/04\/Goruntu-24.04.2025-14.31-768x576.webp 768w, https:\/\/ofems.com\/wp-content\/uploads\/2025\/04\/Goruntu-24.04.2025-14.31-500x375.webp 500w, https:\/\/ofems.com\/wp-content\/uploads\/2025\/04\/Goruntu-24.04.2025-14.31-700x525.webp 700w\" sizes=\"auto, (max-width: 935px) 100vw, 935px\" \/><\/a><\/figure><div class=\"elementor-image-box-content\"><h3 class=\"elementor-image-box-title\"><a href=\"https:\/\/shop.goekeler.com\/en\/FOK\/\">FOK <\/a><\/h3><p class=\"elementor-image-box-description\">Buradan t\u00fcm \u00fcr\u00fcnlere ve fiyatlara ula\u015fabilirsiniz<\/p><\/div><\/div>\t\t\t\t<\/div>\n\t\t\t\t<\/div>\n\t\t<div class=\"elementor-element elementor-element-830c1e6 e-con-full e-flex e-con e-child\" data-id=\"830c1e6\" data-element_type=\"container\" data-e-type=\"container\">\n\t\t\t\t<div class=\"elementor-element elementor-element-847df16 elementor-position-top elementor-widget elementor-widget-image-box\" data-id=\"847df16\" data-element_type=\"widget\" data-e-type=\"widget\" data-widget_type=\"image-box.default\">\n\t\t\t\t\t<div class=\"elementor-image-box-wrapper\"><figure class=\"elementor-image-box-img\"><a href=\"https:\/\/shop.goekeler.com\/en\/Machine-accessories\/\" target=\"_blank\" rel=\"nofollow\" tabindex=\"-1\"><img loading=\"lazy\" loading=\"lazy\" decoding=\"async\" width=\"840\" height=\"630\" src=\"https:\/\/ofems.com\/wp-content\/uploads\/2025\/04\/IMG_0991.webp\" class=\"attachment-full size-full wp-image-1117\" alt=\"\" srcset=\"https:\/\/ofems.com\/wp-content\/uploads\/2025\/04\/IMG_0991.webp 840w, https:\/\/ofems.com\/wp-content\/uploads\/2025\/04\/IMG_0991-300x225.webp 300w, https:\/\/ofems.com\/wp-content\/uploads\/2025\/04\/IMG_0991-768x576.webp 768w, https:\/\/ofems.com\/wp-content\/uploads\/2025\/04\/IMG_0991-500x375.webp 500w, https:\/\/ofems.com\/wp-content\/uploads\/2025\/04\/IMG_0991-700x525.webp 700w\" sizes=\"auto, (max-width: 840px) 100vw, 840px\" \/><\/a><\/figure><div class=\"elementor-image-box-content\"><h3 class=\"elementor-image-box-title\"><a href=\"https:\/\/shop.goekeler.com\/en\/Machine-accessories\/\" target=\"_blank\" rel=\"nofollow\">Zeiss faro vs aksesuarlar<\/a><\/h3><p class=\"elementor-image-box-description\">Buradan t\u00fcm \u00fcr\u00fcnlere ve fiyatlara ula\u015fabilirsiniz.<\/p><\/div><\/div>\t\t\t\t<\/div>\n\t\t\t\t<\/div>\n\t\t\t\t\t<\/div>\n\t\t\t\t<\/div>\n\t\t<div class=\"elementor-element elementor-element-55526fb e-flex e-con-boxed e-con e-parent\" data-id=\"55526fb\" data-element_type=\"container\" data-e-type=\"container\">\n\t\t\t\t\t<div class=\"e-con-inner\">\n\t\t\t\t<div class=\"elementor-element elementor-element-858a902 elementor-widget elementor-widget-image\" data-id=\"858a902\" data-element_type=\"widget\" data-e-type=\"widget\" data-widget_type=\"image.default\">\n\t\t\t\t\t\t\t\t\t\t\t\t\t\t\t<img loading=\"lazy\" loading=\"lazy\" decoding=\"async\" width=\"1024\" height=\"683\" src=\"https:\/\/ofems.com\/wp-content\/uploads\/2025\/04\/IMG_0989-1024x683.webp\" class=\"attachment-large size-large wp-image-1115\" alt=\"\" srcset=\"https:\/\/ofems.com\/wp-content\/uploads\/2025\/04\/IMG_0989-1024x683.webp 1024w, https:\/\/ofems.com\/wp-content\/uploads\/2025\/04\/IMG_0989-300x200.webp 300w, https:\/\/ofems.com\/wp-content\/uploads\/2025\/04\/IMG_0989-768x512.webp 768w, https:\/\/ofems.com\/wp-content\/uploads\/2025\/04\/IMG_0989-1536x1024.webp 1536w, https:\/\/ofems.com\/wp-content\/uploads\/2025\/04\/IMG_0989-500x333.webp 500w, https:\/\/ofems.com\/wp-content\/uploads\/2025\/04\/IMG_0989-700x467.webp 700w, https:\/\/ofems.com\/wp-content\/uploads\/2025\/04\/IMG_0989.webp 1920w\" sizes=\"auto, (max-width: 1024px) 100vw, 1024px\" \/>\t\t\t\t\t\t\t\t\t\t\t\t\t\t\t<\/div>\n\t\t\t\t\t<\/div>\n\t\t\t\t<\/div>\n\t\t\t\t<\/div>\n\t\t","protected":false},"excerpt":{"rendered":"<p>GOEKELER CMM PROBE \u00dcRETICINIZ PREMIUM STYLI I\u00c7IN VE \u00d6NC\u00dc BIREYSEL \u00c7\u00d6Z\u00dcMLER. MA\u011eAZA GOEKELER MA\u011eAZASINA HO\u015e GELDINIZ Styli ve aksesuarlar Buradan t\u00fcm \u00fcr\u00fcnlere ve fiyatlara ula\u015fabilirsiniz ICT Kalibrasyon Buradan t\u00fcm \u00fcr\u00fcnlere ve fiyatlara ula\u015fabilirsiniz FOK Buradan t\u00fcm \u00fcr\u00fcnlere ve fiyatlara ula\u015fabilirsiniz Zeiss faro vs aksesuarlar Buradan t\u00fcm \u00fcr\u00fcnlere ve fiyatlara ula\u015fabilirsiniz.<\/p>\n","protected":false},"author":1,"featured_media":0,"parent":0,"menu_order":0,"comment_status":"closed","ping_status":"closed","template":"","meta":{"pagelayer_contact_templates":[],"_pagelayer_content":"","footnotes":""},"class_list":["post-1129","page","type-page","status-publish","hentry"],"yoast_head":"<!-- This site is optimized with the Yoast SEO plugin v27.5 - https:\/\/yoast.com\/product\/yoast-seo-wordpress\/ -->\n<title>GOEKELER - OFEMS %<\/title>\n<meta name=\"description\" content=\"CMM&#039; de dokunsal \u00f6l\u00e7\u00fcmler, uzant\u0131lar, k\u00fcpler, adapt\u00f6rler ve aletler gibi aksesuarlar i\u00e7in hassas kalemlerin yan\u0131 s\u0131ra form\" \/>\n<meta name=\"robots\" content=\"index, follow, max-snippet:-1, max-image-preview:large, max-video-preview:-1\" \/>\n<link rel=\"canonical\" href=\"https:\/\/ofems.com\/?page_id=1129\" \/>\n<meta property=\"og:locale\" content=\"tr_TR\" \/>\n<meta property=\"og:type\" content=\"article\" \/>\n<meta property=\"og:title\" content=\"GOEKELER - OFEMS %\" \/>\n<meta property=\"og:description\" content=\"CMM&#039; de dokunsal \u00f6l\u00e7\u00fcmler, uzant\u0131lar, k\u00fcpler, adapt\u00f6rler ve aletler gibi aksesuarlar i\u00e7in hassas kalemlerin yan\u0131 s\u0131ra form\" \/>\n<meta property=\"og:url\" content=\"https:\/\/ofems.com\/?page_id=1129\" \/>\n<meta property=\"og:site_name\" content=\"OFEMS\" \/>\n<meta property=\"article:modified_time\" content=\"2025-04-24T11:39:37+00:00\" \/>\n<meta property=\"og:image\" content=\"https:\/\/ofems.com\/wp-content\/uploads\/2025\/04\/IMG_0988-1024x576.png\" \/>\n<meta name=\"twitter:card\" content=\"summary_large_image\" \/>\n<meta name=\"twitter:label1\" content=\"Tahmini okuma s\u00fcresi\" \/>\n\t<meta name=\"twitter:data1\" content=\"2 dakika\" \/>\n<script type=\"application\/ld+json\" class=\"yoast-schema-graph\">{\"@context\":\"https:\\\/\\\/schema.org\",\"@graph\":[{\"@type\":\"WebPage\",\"@id\":\"https:\\\/\\\/ofems.com\\\/?page_id=1129\",\"url\":\"https:\\\/\\\/ofems.com\\\/?page_id=1129\",\"name\":\"GOEKELER - OFEMS %\",\"isPartOf\":{\"@id\":\"https:\\\/\\\/ofems.com\\\/#website\"},\"primaryImageOfPage\":{\"@id\":\"https:\\\/\\\/ofems.com\\\/?page_id=1129#primaryimage\"},\"image\":{\"@id\":\"https:\\\/\\\/ofems.com\\\/?page_id=1129#primaryimage\"},\"thumbnailUrl\":\"https:\\\/\\\/ofems.com\\\/wp-content\\\/uploads\\\/2025\\\/04\\\/IMG_0988-1024x576.png\",\"datePublished\":\"2025-04-24T10:31:47+00:00\",\"dateModified\":\"2025-04-24T11:39:37+00:00\",\"description\":\"CMM' de dokunsal \u00f6l\u00e7\u00fcmler, uzant\u0131lar, k\u00fcpler, adapt\u00f6rler ve aletler gibi aksesuarlar i\u00e7in hassas kalemlerin yan\u0131 s\u0131ra form\",\"breadcrumb\":{\"@id\":\"https:\\\/\\\/ofems.com\\\/?page_id=1129#breadcrumb\"},\"inLanguage\":\"tr\",\"potentialAction\":[{\"@type\":\"ReadAction\",\"target\":[\"https:\\\/\\\/ofems.com\\\/?page_id=1129\"]}]},{\"@type\":\"ImageObject\",\"inLanguage\":\"tr\",\"@id\":\"https:\\\/\\\/ofems.com\\\/?page_id=1129#primaryimage\",\"url\":\"https:\\\/\\\/ofems.com\\\/wp-content\\\/uploads\\\/2025\\\/04\\\/IMG_0988.png\",\"contentUrl\":\"https:\\\/\\\/ofems.com\\\/wp-content\\\/uploads\\\/2025\\\/04\\\/IMG_0988.png\",\"width\":1920,\"height\":1080},{\"@type\":\"BreadcrumbList\",\"@id\":\"https:\\\/\\\/ofems.com\\\/?page_id=1129#breadcrumb\",\"itemListElement\":[{\"@type\":\"ListItem\",\"position\":1,\"name\":\"Anasayfa\",\"item\":\"https:\\\/\\\/ofems.com\\\/\"},{\"@type\":\"ListItem\",\"position\":2,\"name\":\"GOEKELER\"}]},{\"@type\":\"WebSite\",\"@id\":\"https:\\\/\\\/ofems.com\\\/#website\",\"url\":\"https:\\\/\\\/ofems.com\\\/\",\"name\":\"OFEMS\",\"description\":\"Birlikte Gelece\u011fe\",\"publisher\":{\"@id\":\"https:\\\/\\\/ofems.com\\\/#organization\"},\"potentialAction\":[{\"@type\":\"SearchAction\",\"target\":{\"@type\":\"EntryPoint\",\"urlTemplate\":\"https:\\\/\\\/ofems.com\\\/?s={search_term_string}\"},\"query-input\":{\"@type\":\"PropertyValueSpecification\",\"valueRequired\":true,\"valueName\":\"search_term_string\"}}],\"inLanguage\":\"tr\"},{\"@type\":\"Organization\",\"@id\":\"https:\\\/\\\/ofems.com\\\/#organization\",\"name\":\"OFEMS\",\"url\":\"https:\\\/\\\/ofems.com\\\/\",\"logo\":{\"@type\":\"ImageObject\",\"inLanguage\":\"tr\",\"@id\":\"https:\\\/\\\/ofems.com\\\/#\\\/schema\\\/logo\\\/image\\\/\",\"url\":\"https:\\\/\\\/ofems.com\\\/wp-content\\\/uploads\\\/2025\\\/04\\\/60828106.png\",\"contentUrl\":\"https:\\\/\\\/ofems.com\\\/wp-content\\\/uploads\\\/2025\\\/04\\\/60828106.png\",\"width\":800,\"height\":800,\"caption\":\"OFEMS\"},\"image\":{\"@id\":\"https:\\\/\\\/ofems.com\\\/#\\\/schema\\\/logo\\\/image\\\/\"}}]}<\/script>\n<!-- \/ Yoast SEO plugin. -->","yoast_head_json":{"title":"GOEKELER - OFEMS %","description":"CMM' de dokunsal \u00f6l\u00e7\u00fcmler, uzant\u0131lar, k\u00fcpler, adapt\u00f6rler ve aletler gibi aksesuarlar i\u00e7in hassas kalemlerin yan\u0131 s\u0131ra form","robots":{"index":"index","follow":"follow","max-snippet":"max-snippet:-1","max-image-preview":"max-image-preview:large","max-video-preview":"max-video-preview:-1"},"canonical":"https:\/\/ofems.com\/?page_id=1129","og_locale":"tr_TR","og_type":"article","og_title":"GOEKELER - OFEMS %","og_description":"CMM' de dokunsal \u00f6l\u00e7\u00fcmler, uzant\u0131lar, k\u00fcpler, adapt\u00f6rler ve aletler gibi aksesuarlar i\u00e7in hassas kalemlerin yan\u0131 s\u0131ra form","og_url":"https:\/\/ofems.com\/?page_id=1129","og_site_name":"OFEMS","article_modified_time":"2025-04-24T11:39:37+00:00","og_image":[{"url":"https:\/\/ofems.com\/wp-content\/uploads\/2025\/04\/IMG_0988-1024x576.png","type":"","width":"","height":""}],"twitter_card":"summary_large_image","twitter_misc":{"Tahmini okuma s\u00fcresi":"2 dakika"},"schema":{"@context":"https:\/\/schema.org","@graph":[{"@type":"WebPage","@id":"https:\/\/ofems.com\/?page_id=1129","url":"https:\/\/ofems.com\/?page_id=1129","name":"GOEKELER - OFEMS %","isPartOf":{"@id":"https:\/\/ofems.com\/#website"},"primaryImageOfPage":{"@id":"https:\/\/ofems.com\/?page_id=1129#primaryimage"},"image":{"@id":"https:\/\/ofems.com\/?page_id=1129#primaryimage"},"thumbnailUrl":"https:\/\/ofems.com\/wp-content\/uploads\/2025\/04\/IMG_0988-1024x576.png","datePublished":"2025-04-24T10:31:47+00:00","dateModified":"2025-04-24T11:39:37+00:00","description":"CMM' de dokunsal \u00f6l\u00e7\u00fcmler, uzant\u0131lar, k\u00fcpler, adapt\u00f6rler ve aletler gibi aksesuarlar i\u00e7in hassas kalemlerin yan\u0131 s\u0131ra form","breadcrumb":{"@id":"https:\/\/ofems.com\/?page_id=1129#breadcrumb"},"inLanguage":"tr","potentialAction":[{"@type":"ReadAction","target":["https:\/\/ofems.com\/?page_id=1129"]}]},{"@type":"ImageObject","inLanguage":"tr","@id":"https:\/\/ofems.com\/?page_id=1129#primaryimage","url":"https:\/\/ofems.com\/wp-content\/uploads\/2025\/04\/IMG_0988.png","contentUrl":"https:\/\/ofems.com\/wp-content\/uploads\/2025\/04\/IMG_0988.png","width":1920,"height":1080},{"@type":"BreadcrumbList","@id":"https:\/\/ofems.com\/?page_id=1129#breadcrumb","itemListElement":[{"@type":"ListItem","position":1,"name":"Anasayfa","item":"https:\/\/ofems.com\/"},{"@type":"ListItem","position":2,"name":"GOEKELER"}]},{"@type":"WebSite","@id":"https:\/\/ofems.com\/#website","url":"https:\/\/ofems.com\/","name":"OFEMS","description":"Birlikte Gelece\u011fe","publisher":{"@id":"https:\/\/ofems.com\/#organization"},"potentialAction":[{"@type":"SearchAction","target":{"@type":"EntryPoint","urlTemplate":"https:\/\/ofems.com\/?s={search_term_string}"},"query-input":{"@type":"PropertyValueSpecification","valueRequired":true,"valueName":"search_term_string"}}],"inLanguage":"tr"},{"@type":"Organization","@id":"https:\/\/ofems.com\/#organization","name":"OFEMS","url":"https:\/\/ofems.com\/","logo":{"@type":"ImageObject","inLanguage":"tr","@id":"https:\/\/ofems.com\/#\/schema\/logo\/image\/","url":"https:\/\/ofems.com\/wp-content\/uploads\/2025\/04\/60828106.png","contentUrl":"https:\/\/ofems.com\/wp-content\/uploads\/2025\/04\/60828106.png","width":800,"height":800,"caption":"OFEMS"},"image":{"@id":"https:\/\/ofems.com\/#\/schema\/logo\/image\/"}}]}},"_links":{"self":[{"href":"https:\/\/ofems.com\/index.php?rest_route=\/wp\/v2\/pages\/1129","targetHints":{"allow":["GET"]}}],"collection":[{"href":"https:\/\/ofems.com\/index.php?rest_route=\/wp\/v2\/pages"}],"about":[{"href":"https:\/\/ofems.com\/index.php?rest_route=\/wp\/v2\/types\/page"}],"author":[{"embeddable":true,"href":"https:\/\/ofems.com\/index.php?rest_route=\/wp\/v2\/users\/1"}],"replies":[{"embeddable":true,"href":"https:\/\/ofems.com\/index.php?rest_route=%2Fwp%2Fv2%2Fcomments&post=1129"}],"version-history":[{"count":19,"href":"https:\/\/ofems.com\/index.php?rest_route=\/wp\/v2\/pages\/1129\/revisions"}],"predecessor-version":[{"id":1157,"href":"https:\/\/ofems.com\/index.php?rest_route=\/wp\/v2\/pages\/1129\/revisions\/1157"}],"wp:attachment":[{"href":"https:\/\/ofems.com\/index.php?rest_route=%2Fwp%2Fv2%2Fmedia&parent=1129"}],"curies":[{"name":"wp","href":"https:\/\/api.w.org\/{rel}","templated":true}]}}