{"id":1224,"date":"2025-04-25T09:38:29","date_gmt":"2025-04-25T09:38:29","guid":{"rendered":"https:\/\/ofems.com\/?page_id=1224"},"modified":"2025-04-25T09:40:30","modified_gmt":"2025-04-25T09:40:30","slug":"yazilimlar","status":"publish","type":"page","link":"https:\/\/ofems.com\/?page_id=1224","title":{"rendered":"YAZILIMLAR"},"content":{"rendered":"","protected":false},"excerpt":{"rendered":"","protected":false},"author":1,"featured_media":0,"parent":0,"menu_order":0,"comment_status":"closed","ping_status":"closed","template":"","meta":{"pagelayer_contact_templates":[],"_pagelayer_content":"","footnotes":""},"class_list":["post-1224","page","type-page","status-publish","hentry"],"yoast_head":"<!-- This site is optimized with the Yoast SEO plugin v27.5 - https:\/\/yoast.com\/product\/yoast-seo-wordpress\/ -->\n<title>YAZILIMLAR - OFEMS %<\/title>\n<meta name=\"description\" content=\"Kalite kontrol yaz\u0131l\u0131mlar\u0131, \u00f6l\u00e7\u00fcm verilerini analiz etmenin yan\u0131 s\u0131ra, kullan\u0131c\u0131lar\u0131n bu verileri anlaml\u0131 raporlara d\u00f6n\u00fc\u015ft\u00fcrmesini sa\u011flar\" \/>\n<meta name=\"robots\" content=\"index, follow, max-snippet:-1, max-image-preview:large, max-video-preview:-1\" \/>\n<link rel=\"canonical\" href=\"https:\/\/ofems.com\/?page_id=1224\" \/>\n<meta property=\"og:locale\" content=\"tr_TR\" \/>\n<meta property=\"og:type\" content=\"article\" \/>\n<meta property=\"og:title\" content=\"YAZILIMLAR - OFEMS %\" \/>\n<meta property=\"og:description\" content=\"Kalite kontrol yaz\u0131l\u0131mlar\u0131, \u00f6l\u00e7\u00fcm verilerini analiz etmenin yan\u0131 s\u0131ra, kullan\u0131c\u0131lar\u0131n bu verileri anlaml\u0131 raporlara d\u00f6n\u00fc\u015ft\u00fcrmesini sa\u011flar\" \/>\n<meta property=\"og:url\" content=\"https:\/\/ofems.com\/?page_id=1224\" \/>\n<meta property=\"og:site_name\" content=\"OFEMS\" \/>\n<meta property=\"article:modified_time\" content=\"2025-04-25T09:40:30+00:00\" \/>\n<meta name=\"twitter:card\" content=\"summary_large_image\" \/>\n<script type=\"application\/ld+json\" class=\"yoast-schema-graph\">{\"@context\":\"https:\\\/\\\/schema.org\",\"@graph\":[{\"@type\":\"WebPage\",\"@id\":\"https:\\\/\\\/ofems.com\\\/?page_id=1224\",\"url\":\"https:\\\/\\\/ofems.com\\\/?page_id=1224\",\"name\":\"YAZILIMLAR - OFEMS %\",\"isPartOf\":{\"@id\":\"https:\\\/\\\/ofems.com\\\/#website\"},\"datePublished\":\"2025-04-25T09:38:29+00:00\",\"dateModified\":\"2025-04-25T09:40:30+00:00\",\"description\":\"Kalite kontrol yaz\u0131l\u0131mlar\u0131, \u00f6l\u00e7\u00fcm verilerini analiz etmenin yan\u0131 s\u0131ra, kullan\u0131c\u0131lar\u0131n bu verileri anlaml\u0131 raporlara d\u00f6n\u00fc\u015ft\u00fcrmesini sa\u011flar\",\"breadcrumb\":{\"@id\":\"https:\\\/\\\/ofems.com\\\/?page_id=1224#breadcrumb\"},\"inLanguage\":\"tr\",\"potentialAction\":[{\"@type\":\"ReadAction\",\"target\":[\"https:\\\/\\\/ofems.com\\\/?page_id=1224\"]}]},{\"@type\":\"BreadcrumbList\",\"@id\":\"https:\\\/\\\/ofems.com\\\/?page_id=1224#breadcrumb\",\"itemListElement\":[{\"@type\":\"ListItem\",\"position\":1,\"name\":\"Anasayfa\",\"item\":\"https:\\\/\\\/ofems.com\\\/\"},{\"@type\":\"ListItem\",\"position\":2,\"name\":\"YAZILIMLAR\"}]},{\"@type\":\"WebSite\",\"@id\":\"https:\\\/\\\/ofems.com\\\/#website\",\"url\":\"https:\\\/\\\/ofems.com\\\/\",\"name\":\"OFEMS\",\"description\":\"Birlikte Gelece\u011fe\",\"publisher\":{\"@id\":\"https:\\\/\\\/ofems.com\\\/#organization\"},\"potentialAction\":[{\"@type\":\"SearchAction\",\"target\":{\"@type\":\"EntryPoint\",\"urlTemplate\":\"https:\\\/\\\/ofems.com\\\/?s={search_term_string}\"},\"query-input\":{\"@type\":\"PropertyValueSpecification\",\"valueRequired\":true,\"valueName\":\"search_term_string\"}}],\"inLanguage\":\"tr\"},{\"@type\":\"Organization\",\"@id\":\"https:\\\/\\\/ofems.com\\\/#organization\",\"name\":\"OFEMS\",\"url\":\"https:\\\/\\\/ofems.com\\\/\",\"logo\":{\"@type\":\"ImageObject\",\"inLanguage\":\"tr\",\"@id\":\"https:\\\/\\\/ofems.com\\\/#\\\/schema\\\/logo\\\/image\\\/\",\"url\":\"https:\\\/\\\/ofems.com\\\/wp-content\\\/uploads\\\/2025\\\/04\\\/60828106.png\",\"contentUrl\":\"https:\\\/\\\/ofems.com\\\/wp-content\\\/uploads\\\/2025\\\/04\\\/60828106.png\",\"width\":800,\"height\":800,\"caption\":\"OFEMS\"},\"image\":{\"@id\":\"https:\\\/\\\/ofems.com\\\/#\\\/schema\\\/logo\\\/image\\\/\"}}]}<\/script>\n<!-- \/ Yoast SEO plugin. -->","yoast_head_json":{"title":"YAZILIMLAR - OFEMS %","description":"Kalite kontrol yaz\u0131l\u0131mlar\u0131, \u00f6l\u00e7\u00fcm verilerini analiz etmenin yan\u0131 s\u0131ra, kullan\u0131c\u0131lar\u0131n bu verileri anlaml\u0131 raporlara d\u00f6n\u00fc\u015ft\u00fcrmesini sa\u011flar","robots":{"index":"index","follow":"follow","max-snippet":"max-snippet:-1","max-image-preview":"max-image-preview:large","max-video-preview":"max-video-preview:-1"},"canonical":"https:\/\/ofems.com\/?page_id=1224","og_locale":"tr_TR","og_type":"article","og_title":"YAZILIMLAR - OFEMS %","og_description":"Kalite kontrol yaz\u0131l\u0131mlar\u0131, \u00f6l\u00e7\u00fcm verilerini analiz etmenin yan\u0131 s\u0131ra, kullan\u0131c\u0131lar\u0131n bu verileri anlaml\u0131 raporlara d\u00f6n\u00fc\u015ft\u00fcrmesini sa\u011flar","og_url":"https:\/\/ofems.com\/?page_id=1224","og_site_name":"OFEMS","article_modified_time":"2025-04-25T09:40:30+00:00","twitter_card":"summary_large_image","schema":{"@context":"https:\/\/schema.org","@graph":[{"@type":"WebPage","@id":"https:\/\/ofems.com\/?page_id=1224","url":"https:\/\/ofems.com\/?page_id=1224","name":"YAZILIMLAR - OFEMS %","isPartOf":{"@id":"https:\/\/ofems.com\/#website"},"datePublished":"2025-04-25T09:38:29+00:00","dateModified":"2025-04-25T09:40:30+00:00","description":"Kalite kontrol yaz\u0131l\u0131mlar\u0131, \u00f6l\u00e7\u00fcm verilerini analiz etmenin yan\u0131 s\u0131ra, kullan\u0131c\u0131lar\u0131n bu verileri anlaml\u0131 raporlara d\u00f6n\u00fc\u015ft\u00fcrmesini sa\u011flar","breadcrumb":{"@id":"https:\/\/ofems.com\/?page_id=1224#breadcrumb"},"inLanguage":"tr","potentialAction":[{"@type":"ReadAction","target":["https:\/\/ofems.com\/?page_id=1224"]}]},{"@type":"BreadcrumbList","@id":"https:\/\/ofems.com\/?page_id=1224#breadcrumb","itemListElement":[{"@type":"ListItem","position":1,"name":"Anasayfa","item":"https:\/\/ofems.com\/"},{"@type":"ListItem","position":2,"name":"YAZILIMLAR"}]},{"@type":"WebSite","@id":"https:\/\/ofems.com\/#website","url":"https:\/\/ofems.com\/","name":"OFEMS","description":"Birlikte Gelece\u011fe","publisher":{"@id":"https:\/\/ofems.com\/#organization"},"potentialAction":[{"@type":"SearchAction","target":{"@type":"EntryPoint","urlTemplate":"https:\/\/ofems.com\/?s={search_term_string}"},"query-input":{"@type":"PropertyValueSpecification","valueRequired":true,"valueName":"search_term_string"}}],"inLanguage":"tr"},{"@type":"Organization","@id":"https:\/\/ofems.com\/#organization","name":"OFEMS","url":"https:\/\/ofems.com\/","logo":{"@type":"ImageObject","inLanguage":"tr","@id":"https:\/\/ofems.com\/#\/schema\/logo\/image\/","url":"https:\/\/ofems.com\/wp-content\/uploads\/2025\/04\/60828106.png","contentUrl":"https:\/\/ofems.com\/wp-content\/uploads\/2025\/04\/60828106.png","width":800,"height":800,"caption":"OFEMS"},"image":{"@id":"https:\/\/ofems.com\/#\/schema\/logo\/image\/"}}]}},"_links":{"self":[{"href":"https:\/\/ofems.com\/index.php?rest_route=\/wp\/v2\/pages\/1224","targetHints":{"allow":["GET"]}}],"collection":[{"href":"https:\/\/ofems.com\/index.php?rest_route=\/wp\/v2\/pages"}],"about":[{"href":"https:\/\/ofems.com\/index.php?rest_route=\/wp\/v2\/types\/page"}],"author":[{"embeddable":true,"href":"https:\/\/ofems.com\/index.php?rest_route=\/wp\/v2\/users\/1"}],"replies":[{"embeddable":true,"href":"https:\/\/ofems.com\/index.php?rest_route=%2Fwp%2Fv2%2Fcomments&post=1224"}],"version-history":[{"count":1,"href":"https:\/\/ofems.com\/index.php?rest_route=\/wp\/v2\/pages\/1224\/revisions"}],"predecessor-version":[{"id":1227,"href":"https:\/\/ofems.com\/index.php?rest_route=\/wp\/v2\/pages\/1224\/revisions\/1227"}],"wp:attachment":[{"href":"https:\/\/ofems.com\/index.php?rest_route=%2Fwp%2Fv2%2Fmedia&parent=1224"}],"curies":[{"name":"wp","href":"https:\/\/api.w.org\/{rel}","templated":true}]}}