{"id":1362,"date":"2025-04-28T09:47:36","date_gmt":"2025-04-28T09:47:36","guid":{"rendered":"https:\/\/ofems.com\/?page_id=1362"},"modified":"2025-04-28T10:02:20","modified_gmt":"2025-04-28T10:02:20","slug":"xgrids","status":"publish","type":"page","link":"https:\/\/ofems.com\/?page_id=1362","title":{"rendered":"XGR\u0130DS"},"content":{"rendered":"\t\t<div data-elementor-type=\"wp-page\" data-elementor-id=\"1362\" class=\"elementor elementor-1362\" data-elementor-post-type=\"page\">\n\t\t\t\t<div class=\"elementor-element elementor-element-d7cb509 e-flex e-con-boxed e-con e-parent\" data-id=\"d7cb509\" data-element_type=\"container\" data-e-type=\"container\">\n\t\t\t\t\t<div class=\"e-con-inner\">\n\t\t\t\t<div class=\"elementor-element elementor-element-430f467 elementor-widget elementor-widget-image\" data-id=\"430f467\" data-element_type=\"widget\" data-e-type=\"widget\" data-widget_type=\"image.default\">\n\t\t\t\t\t\t\t\t\t\t\t\t\t\t\t<img fetchpriority=\"high\" fetchpriority=\"high\" decoding=\"async\" width=\"864\" height=\"474\" src=\"https:\/\/ofems.com\/wp-content\/uploads\/2025\/04\/Goruntu-28.04.2025-12.52-5.webp\" class=\"attachment-large size-large wp-image-1373\" alt=\"\" srcset=\"https:\/\/ofems.com\/wp-content\/uploads\/2025\/04\/Goruntu-28.04.2025-12.52-5.webp 864w, https:\/\/ofems.com\/wp-content\/uploads\/2025\/04\/Goruntu-28.04.2025-12.52-5-300x165.webp 300w, https:\/\/ofems.com\/wp-content\/uploads\/2025\/04\/Goruntu-28.04.2025-12.52-5-768x421.webp 768w, https:\/\/ofems.com\/wp-content\/uploads\/2025\/04\/Goruntu-28.04.2025-12.52-5-500x274.webp 500w, https:\/\/ofems.com\/wp-content\/uploads\/2025\/04\/Goruntu-28.04.2025-12.52-5-700x384.webp 700w\" sizes=\"(max-width: 864px) 100vw, 864px\" \/>\t\t\t\t\t\t\t\t\t\t\t\t\t\t\t<\/div>\n\t\t\t\t\t<\/div>\n\t\t\t\t<\/div>\n\t\t<div class=\"elementor-element elementor-element-18b736e e-flex e-con-boxed e-con e-parent\" data-id=\"18b736e\" data-element_type=\"container\" data-e-type=\"container\">\n\t\t\t\t\t<div class=\"e-con-inner\">\n\t\t\t\t<div class=\"elementor-element elementor-element-0db1a6c elementor-widget elementor-widget-text-editor\" data-id=\"0db1a6c\" data-element_type=\"widget\" data-e-type=\"widget\" data-widget_type=\"text-editor.default\">\n\t\t\t\t\t\t\t\t\t<p>Alan Tarama Cihazlar\u0131 Hakk\u0131nda G\u00fc\u00e7l\u00fc A\u00e7\u0131klama:<br \/>Alan tarama cihazlar\u0131, farkl\u0131 y\u00fczeyleri ve \u00e7evreleri taramak i\u00e7in kullan\u0131lan teknolojik ekipmanlard\u0131r. Bu cihazlar genellikle jeolojik ara\u015ft\u0131rmalar, in\u015faat projeleri, arkeolojik kaz\u0131lar, g\u00fcvenlik ve g\u00f6zetim gibi \u00e7e\u015fitli end\u00fcstriyel uygulamalar i\u00e7in kullan\u0131l\u0131r. Alan tarama cihazlar\u0131n\u0131n baz\u0131 temel \u00f6zellikleri ve avantajlar\u0131 \u015funlard\u0131r:<br \/>1.Y\u00fcksek Hassasiyet ve Hassas \u00d6l\u00e7\u00fcmler<br \/>&#8211; Lidar ve GPS Entegrasyonu: Lidar (Light Detection and Ranging) teknolojisi ile donat\u0131lm\u0131\u015f baz\u0131 alan tarama cihazlar\u0131, y\u00fczeylerin \u00fc\u00e7 boyutlu modellerini y\u00fcksek hassasiyetle olu\u015fturabilir. GPS entegrasyonu ile konum belirleme daha do\u011fru hale gelir.<br \/>&#8211; Milimetrik Do\u011fruluk: Alan tarama cihazlar\u0131, \u00f6l\u00e7\u00fcmleri milimetre d\u00fczeyinde hassasiyetle ger\u00e7ekle\u015ftirme kabiliyetine sahiptir. Bu da detayl\u0131 ve g\u00fcvenilir veri elde etmeyi m\u00fcmk\u00fcn k\u0131lar.<br \/>2. Geni\u015f Uygulama Alanlar\u0131<br \/>&#8211; \u0130n\u015faat ve M\u00fchendislik:* \u0130n\u015faat alan\u0131nda, bina modellerinin olu\u015fturulmas\u0131, zemin yap\u0131s\u0131n\u0131n analizi ve yap\u0131sal de\u011ferlendirmeler i\u00e7in kullan\u0131l\u0131r.<br \/>&#8211; Jeoloji ve Madencilik:* Yer alt\u0131 kaynaklar\u0131n\u0131n belirlenmesi, maden arama ve jeolojik ara\u015ft\u0131rmalarda \u00f6nemli bir ara\u00e7t\u0131r.<br \/>&#8211; Arkeoloji:* Antik yap\u0131lar ve kal\u0131nt\u0131lar\u0131n g\u00fcn y\u00fcz\u00fcne \u00e7\u0131kar\u0131lmas\u0131 ve haritalanmas\u0131 i\u00e7in kullan\u0131l\u0131r.<br \/>&#8211; G\u00fcvenlik:* Havaalanlar\u0131, s\u0131n\u0131rlar ve stratejik yerlerin g\u00f6zetiminde ve g\u00fcvenlik taramalar\u0131nda kullan\u0131l\u0131r.<br \/>3.Kullan\u0131m Kolayl\u0131\u011f\u0131 ve Ta\u015f\u0131nabilirlik:*<br \/>&#8211; Ta\u015f\u0131nabilir Modeller:* Ta\u015f\u0131nabilir alan tarama cihazlar\u0131, saha \u00e7al\u0131\u015fmalar\u0131nda kolay ta\u015f\u0131ma ve kullanma imkan\u0131 sa\u011flar.<br \/>&#8211; Kullan\u0131c\u0131 Dostu Aray\u00fcz:* Kolay kullan\u0131labilir aray\u00fczler ve yaz\u0131l\u0131mlar, kullan\u0131c\u0131lar\u0131n cihazlar\u0131 etkin bir \u015fekilde y\u00f6netmesine ve verileri h\u0131zl\u0131 bir \u015fekilde analiz etmesine olanak tan\u0131r.<br \/>4. H\u0131zl\u0131 Veri Toplama ve \u0130\u015fleme:*<br \/>&#8211; Ger\u00e7ek Zamanl\u0131 Veri:* Alan tarama cihazlar\u0131, ger\u00e7ek zamanl\u0131 olarak veri toplayabilir ve an\u0131nda i\u015fleyebilir, bu da anl\u0131k karar alma s\u00fcre\u00e7lerini destekler.<br \/>&#8211; Veri Entegrasyonu:* Toplanan verilerin \u00e7e\u015fitli analiz yaz\u0131l\u0131mlar\u0131na entegrasyonu ile daha derinlemesine analiz yap\u0131labilir.<br \/>5. \u00c7evresel Uyumluluk ve G\u00fcvenilirlik:*<br \/>&#8211; Dayan\u0131kl\u0131l\u0131k:* \u00c7etin d\u0131\u015f ortam ko\u015fullar\u0131na dayan\u0131kl\u0131 olan alan tarama cihazlar\u0131, zorlu saha ko\u015fullar\u0131nda bile g\u00fcvenilir \u00e7al\u0131\u015fabilir.<br \/>&#8211; Enerji Verimlili\u011fi: Enerji tasarruflu \u00e7al\u0131\u015fma modlar\u0131 ile uzun s\u00fcreli kullan\u0131mlar i\u00e7in uygundur.<br \/>Baz\u0131 pop\u00fcler alan tarama cihazlar\u0131 \u00fcreticileri aras\u0131nda Leica Geosystems, Trimble, Faro Technologies ve Topcon bulunmaktad\u0131r. Bu \u00fcreticiler, sekt\u00f6rlerin ihtiya\u00e7lar\u0131na uygun \u00e7e\u015fitli modeller ve teknolojik \u00e7\u00f6z\u00fcmler sunmaktad\u0131r.<\/p>\t\t\t\t\t\t\t\t<\/div>\n\t\t\t\t\t<\/div>\n\t\t\t\t<\/div>\n\t\t<div class=\"elementor-element elementor-element-fafbbe7 e-flex e-con-boxed e-con e-parent\" data-id=\"fafbbe7\" data-element_type=\"container\" data-e-type=\"container\">\n\t\t\t\t\t<div class=\"e-con-inner\">\n\t\t\t\t<div class=\"elementor-element elementor-element-057403a elementor-widget elementor-widget-image\" data-id=\"057403a\" data-element_type=\"widget\" data-e-type=\"widget\" data-widget_type=\"image.default\">\n\t\t\t\t\t\t\t\t\t\t\t\t\t\t\t<img decoding=\"async\" width=\"400\" height=\"300\" src=\"https:\/\/ofems.com\/wp-content\/uploads\/2025\/04\/Goruntu-28.04.2025-12.50-1.webp\" class=\"attachment-large size-large wp-image-1385\" alt=\"\" srcset=\"https:\/\/ofems.com\/wp-content\/uploads\/2025\/04\/Goruntu-28.04.2025-12.50-1.webp 400w, https:\/\/ofems.com\/wp-content\/uploads\/2025\/04\/Goruntu-28.04.2025-12.50-1-300x225.webp 300w\" sizes=\"(max-width: 400px) 100vw, 400px\" \/>\t\t\t\t\t\t\t\t\t\t\t\t\t\t\t<\/div>\n\t\t\t\t\t<\/div>\n\t\t\t\t<\/div>\n\t\t\t\t<\/div>\n\t\t","protected":false},"excerpt":{"rendered":"<p>Alan Tarama Cihazlar\u0131 Hakk\u0131nda G\u00fc\u00e7l\u00fc A\u00e7\u0131klama:Alan tarama cihazlar\u0131, farkl\u0131 y\u00fczeyleri ve \u00e7evreleri taramak i\u00e7in kullan\u0131lan teknolojik ekipmanlard\u0131r. Bu cihazlar genellikle jeolojik ara\u015ft\u0131rmalar, in\u015faat projeleri, arkeolojik kaz\u0131lar, g\u00fcvenlik ve g\u00f6zetim gibi \u00e7e\u015fitli end\u00fcstriyel uygulamalar i\u00e7in kullan\u0131l\u0131r. Alan tarama cihazlar\u0131n\u0131n baz\u0131 temel \u00f6zellikleri ve avantajlar\u0131 \u015funlard\u0131r:1.Y\u00fcksek Hassasiyet ve Hassas \u00d6l\u00e7\u00fcmler&#8211; Lidar ve GPS Entegrasyonu: Lidar (Light Detection&hellip;<\/p>\n","protected":false},"author":1,"featured_media":0,"parent":0,"menu_order":0,"comment_status":"closed","ping_status":"closed","template":"","meta":{"pagelayer_contact_templates":[],"_pagelayer_content":"","footnotes":""},"class_list":["post-1362","page","type-page","status-publish","hentry"],"yoast_head":"<!-- This site is optimized with the Yoast SEO plugin v27.5 - https:\/\/yoast.com\/product\/yoast-seo-wordpress\/ -->\n<title>XGR\u0130DS - OFEMS %<\/title>\n<meta name=\"description\" content=\"Alan tarama cihazlar\u0131, farkl\u0131 y\u00fczeyleri ve \u00e7evreleri tarama. teknolojik ekipmanlard\u0131r. xgrids bu ekipmanlar\u0131n en iyisidir\" \/>\n<meta name=\"robots\" content=\"index, follow, max-snippet:-1, max-image-preview:large, max-video-preview:-1\" \/>\n<link rel=\"canonical\" href=\"https:\/\/ofems.com\/?page_id=1362\" \/>\n<meta property=\"og:locale\" content=\"tr_TR\" \/>\n<meta property=\"og:type\" content=\"article\" \/>\n<meta property=\"og:title\" content=\"XGR\u0130DS - OFEMS %\" \/>\n<meta property=\"og:description\" content=\"Alan tarama cihazlar\u0131, farkl\u0131 y\u00fczeyleri ve \u00e7evreleri tarama. teknolojik ekipmanlard\u0131r. xgrids bu ekipmanlar\u0131n en iyisidir\" \/>\n<meta property=\"og:url\" content=\"https:\/\/ofems.com\/?page_id=1362\" \/>\n<meta property=\"og:site_name\" content=\"OFEMS\" \/>\n<meta property=\"article:modified_time\" content=\"2025-04-28T10:02:20+00:00\" \/>\n<meta property=\"og:image\" content=\"https:\/\/ofems.com\/wp-content\/uploads\/2025\/04\/Goruntu-28.04.2025-12.52-5.jpeg\" \/>\n\t<meta property=\"og:image:width\" content=\"864\" \/>\n\t<meta property=\"og:image:height\" content=\"474\" \/>\n\t<meta property=\"og:image:type\" content=\"image\/jpeg\" \/>\n<meta name=\"twitter:card\" content=\"summary_large_image\" \/>\n<meta name=\"twitter:label1\" content=\"Tahmini okuma s\u00fcresi\" \/>\n\t<meta name=\"twitter:data1\" content=\"2 dakika\" \/>\n<script type=\"application\/ld+json\" class=\"yoast-schema-graph\">{\"@context\":\"https:\\\/\\\/schema.org\",\"@graph\":[{\"@type\":\"WebPage\",\"@id\":\"https:\\\/\\\/ofems.com\\\/?page_id=1362\",\"url\":\"https:\\\/\\\/ofems.com\\\/?page_id=1362\",\"name\":\"XGR\u0130DS - OFEMS %\",\"isPartOf\":{\"@id\":\"https:\\\/\\\/ofems.com\\\/#website\"},\"primaryImageOfPage\":{\"@id\":\"https:\\\/\\\/ofems.com\\\/?page_id=1362#primaryimage\"},\"image\":{\"@id\":\"https:\\\/\\\/ofems.com\\\/?page_id=1362#primaryimage\"},\"thumbnailUrl\":\"https:\\\/\\\/ofems.com\\\/wp-content\\\/uploads\\\/2025\\\/04\\\/Goruntu-28.04.2025-12.52-5.jpeg\",\"datePublished\":\"2025-04-28T09:47:36+00:00\",\"dateModified\":\"2025-04-28T10:02:20+00:00\",\"description\":\"Alan tarama cihazlar\u0131, farkl\u0131 y\u00fczeyleri ve \u00e7evreleri tarama. teknolojik ekipmanlard\u0131r. xgrids bu ekipmanlar\u0131n en iyisidir\",\"breadcrumb\":{\"@id\":\"https:\\\/\\\/ofems.com\\\/?page_id=1362#breadcrumb\"},\"inLanguage\":\"tr\",\"potentialAction\":[{\"@type\":\"ReadAction\",\"target\":[\"https:\\\/\\\/ofems.com\\\/?page_id=1362\"]}]},{\"@type\":\"ImageObject\",\"inLanguage\":\"tr\",\"@id\":\"https:\\\/\\\/ofems.com\\\/?page_id=1362#primaryimage\",\"url\":\"https:\\\/\\\/ofems.com\\\/wp-content\\\/uploads\\\/2025\\\/04\\\/Goruntu-28.04.2025-12.52-5.jpeg\",\"contentUrl\":\"https:\\\/\\\/ofems.com\\\/wp-content\\\/uploads\\\/2025\\\/04\\\/Goruntu-28.04.2025-12.52-5.jpeg\",\"width\":864,\"height\":474},{\"@type\":\"BreadcrumbList\",\"@id\":\"https:\\\/\\\/ofems.com\\\/?page_id=1362#breadcrumb\",\"itemListElement\":[{\"@type\":\"ListItem\",\"position\":1,\"name\":\"Anasayfa\",\"item\":\"https:\\\/\\\/ofems.com\\\/\"},{\"@type\":\"ListItem\",\"position\":2,\"name\":\"XGR\u0130DS\"}]},{\"@type\":\"WebSite\",\"@id\":\"https:\\\/\\\/ofems.com\\\/#website\",\"url\":\"https:\\\/\\\/ofems.com\\\/\",\"name\":\"OFEMS\",\"description\":\"Birlikte Gelece\u011fe\",\"publisher\":{\"@id\":\"https:\\\/\\\/ofems.com\\\/#organization\"},\"potentialAction\":[{\"@type\":\"SearchAction\",\"target\":{\"@type\":\"EntryPoint\",\"urlTemplate\":\"https:\\\/\\\/ofems.com\\\/?s={search_term_string}\"},\"query-input\":{\"@type\":\"PropertyValueSpecification\",\"valueRequired\":true,\"valueName\":\"search_term_string\"}}],\"inLanguage\":\"tr\"},{\"@type\":\"Organization\",\"@id\":\"https:\\\/\\\/ofems.com\\\/#organization\",\"name\":\"OFEMS\",\"url\":\"https:\\\/\\\/ofems.com\\\/\",\"logo\":{\"@type\":\"ImageObject\",\"inLanguage\":\"tr\",\"@id\":\"https:\\\/\\\/ofems.com\\\/#\\\/schema\\\/logo\\\/image\\\/\",\"url\":\"https:\\\/\\\/ofems.com\\\/wp-content\\\/uploads\\\/2025\\\/04\\\/60828106.png\",\"contentUrl\":\"https:\\\/\\\/ofems.com\\\/wp-content\\\/uploads\\\/2025\\\/04\\\/60828106.png\",\"width\":800,\"height\":800,\"caption\":\"OFEMS\"},\"image\":{\"@id\":\"https:\\\/\\\/ofems.com\\\/#\\\/schema\\\/logo\\\/image\\\/\"}}]}<\/script>\n<!-- \/ Yoast SEO plugin. -->","yoast_head_json":{"title":"XGR\u0130DS - OFEMS %","description":"Alan tarama cihazlar\u0131, farkl\u0131 y\u00fczeyleri ve \u00e7evreleri tarama. teknolojik ekipmanlard\u0131r. xgrids bu ekipmanlar\u0131n en iyisidir","robots":{"index":"index","follow":"follow","max-snippet":"max-snippet:-1","max-image-preview":"max-image-preview:large","max-video-preview":"max-video-preview:-1"},"canonical":"https:\/\/ofems.com\/?page_id=1362","og_locale":"tr_TR","og_type":"article","og_title":"XGR\u0130DS - OFEMS %","og_description":"Alan tarama cihazlar\u0131, farkl\u0131 y\u00fczeyleri ve \u00e7evreleri tarama. teknolojik ekipmanlard\u0131r. xgrids bu ekipmanlar\u0131n en iyisidir","og_url":"https:\/\/ofems.com\/?page_id=1362","og_site_name":"OFEMS","article_modified_time":"2025-04-28T10:02:20+00:00","og_image":[{"width":864,"height":474,"url":"https:\/\/ofems.com\/wp-content\/uploads\/2025\/04\/Goruntu-28.04.2025-12.52-5.jpeg","type":"image\/jpeg"}],"twitter_card":"summary_large_image","twitter_misc":{"Tahmini okuma s\u00fcresi":"2 dakika"},"schema":{"@context":"https:\/\/schema.org","@graph":[{"@type":"WebPage","@id":"https:\/\/ofems.com\/?page_id=1362","url":"https:\/\/ofems.com\/?page_id=1362","name":"XGR\u0130DS - OFEMS %","isPartOf":{"@id":"https:\/\/ofems.com\/#website"},"primaryImageOfPage":{"@id":"https:\/\/ofems.com\/?page_id=1362#primaryimage"},"image":{"@id":"https:\/\/ofems.com\/?page_id=1362#primaryimage"},"thumbnailUrl":"https:\/\/ofems.com\/wp-content\/uploads\/2025\/04\/Goruntu-28.04.2025-12.52-5.jpeg","datePublished":"2025-04-28T09:47:36+00:00","dateModified":"2025-04-28T10:02:20+00:00","description":"Alan tarama cihazlar\u0131, farkl\u0131 y\u00fczeyleri ve \u00e7evreleri tarama. teknolojik ekipmanlard\u0131r. xgrids bu ekipmanlar\u0131n en iyisidir","breadcrumb":{"@id":"https:\/\/ofems.com\/?page_id=1362#breadcrumb"},"inLanguage":"tr","potentialAction":[{"@type":"ReadAction","target":["https:\/\/ofems.com\/?page_id=1362"]}]},{"@type":"ImageObject","inLanguage":"tr","@id":"https:\/\/ofems.com\/?page_id=1362#primaryimage","url":"https:\/\/ofems.com\/wp-content\/uploads\/2025\/04\/Goruntu-28.04.2025-12.52-5.jpeg","contentUrl":"https:\/\/ofems.com\/wp-content\/uploads\/2025\/04\/Goruntu-28.04.2025-12.52-5.jpeg","width":864,"height":474},{"@type":"BreadcrumbList","@id":"https:\/\/ofems.com\/?page_id=1362#breadcrumb","itemListElement":[{"@type":"ListItem","position":1,"name":"Anasayfa","item":"https:\/\/ofems.com\/"},{"@type":"ListItem","position":2,"name":"XGR\u0130DS"}]},{"@type":"WebSite","@id":"https:\/\/ofems.com\/#website","url":"https:\/\/ofems.com\/","name":"OFEMS","description":"Birlikte Gelece\u011fe","publisher":{"@id":"https:\/\/ofems.com\/#organization"},"potentialAction":[{"@type":"SearchAction","target":{"@type":"EntryPoint","urlTemplate":"https:\/\/ofems.com\/?s={search_term_string}"},"query-input":{"@type":"PropertyValueSpecification","valueRequired":true,"valueName":"search_term_string"}}],"inLanguage":"tr"},{"@type":"Organization","@id":"https:\/\/ofems.com\/#organization","name":"OFEMS","url":"https:\/\/ofems.com\/","logo":{"@type":"ImageObject","inLanguage":"tr","@id":"https:\/\/ofems.com\/#\/schema\/logo\/image\/","url":"https:\/\/ofems.com\/wp-content\/uploads\/2025\/04\/60828106.png","contentUrl":"https:\/\/ofems.com\/wp-content\/uploads\/2025\/04\/60828106.png","width":800,"height":800,"caption":"OFEMS"},"image":{"@id":"https:\/\/ofems.com\/#\/schema\/logo\/image\/"}}]}},"_links":{"self":[{"href":"https:\/\/ofems.com\/index.php?rest_route=\/wp\/v2\/pages\/1362","targetHints":{"allow":["GET"]}}],"collection":[{"href":"https:\/\/ofems.com\/index.php?rest_route=\/wp\/v2\/pages"}],"about":[{"href":"https:\/\/ofems.com\/index.php?rest_route=\/wp\/v2\/types\/page"}],"author":[{"embeddable":true,"href":"https:\/\/ofems.com\/index.php?rest_route=\/wp\/v2\/users\/1"}],"replies":[{"embeddable":true,"href":"https:\/\/ofems.com\/index.php?rest_route=%2Fwp%2Fv2%2Fcomments&post=1362"}],"version-history":[{"count":7,"href":"https:\/\/ofems.com\/index.php?rest_route=\/wp\/v2\/pages\/1362\/revisions"}],"predecessor-version":[{"id":1390,"href":"https:\/\/ofems.com\/index.php?rest_route=\/wp\/v2\/pages\/1362\/revisions\/1390"}],"wp:attachment":[{"href":"https:\/\/ofems.com\/index.php?rest_route=%2Fwp%2Fv2%2Fmedia&parent=1362"}],"curies":[{"name":"wp","href":"https:\/\/api.w.org\/{rel}","templated":true}]}}