{"id":1765,"date":"2025-09-22T10:04:19","date_gmt":"2025-09-22T10:04:19","guid":{"rendered":"https:\/\/ofems.com\/?post_type=product&#038;p=1765"},"modified":"2025-09-22T10:08:03","modified_gmt":"2025-09-22T10:08:03","slug":"nimbletrack-gen2-3d-kablosuz-ve-noktasiz-tarama-cihazi","status":"publish","type":"product","link":"https:\/\/ofems.com\/?product=nimbletrack-gen2-3d-kablosuz-ve-noktasiz-tarama-cihazi","title":{"rendered":"NimbleTrack Gen2"},"content":{"rendered":"\t\t<div data-elementor-type=\"product-post\" data-elementor-id=\"1765\" class=\"elementor elementor-1765\" data-elementor-post-type=\"product\">\n\t\t\t\t<div class=\"elementor-element elementor-element-9b13051 e-flex e-con-boxed e-con e-parent\" data-id=\"9b13051\" data-element_type=\"container\" data-e-type=\"container\">\n\t\t\t\t\t<div class=\"e-con-inner\">\n\t\t\t\t<div class=\"elementor-element elementor-element-2fead83 elementor-widget elementor-widget-image\" data-id=\"2fead83\" data-element_type=\"widget\" data-e-type=\"widget\" data-widget_type=\"image.default\">\n\t\t\t\t\t\t\t\t\t\t\t\t\t\t\t<img fetchpriority=\"high\" fetchpriority=\"high\" decoding=\"async\" width=\"737\" height=\"824\" src=\"https:\/\/ofems.com\/wp-content\/uploads\/2025\/09\/37f3c7f775c434797771be1ddee01414.png.webp\" class=\"attachment-large size-large wp-image-1754\" alt=\"\" srcset=\"https:\/\/ofems.com\/wp-content\/uploads\/2025\/09\/37f3c7f775c434797771be1ddee01414.png.webp 737w, https:\/\/ofems.com\/wp-content\/uploads\/2025\/09\/37f3c7f775c434797771be1ddee01414.png-268x300.webp 268w, https:\/\/ofems.com\/wp-content\/uploads\/2025\/09\/37f3c7f775c434797771be1ddee01414.png-500x559.webp 500w, https:\/\/ofems.com\/wp-content\/uploads\/2025\/09\/37f3c7f775c434797771be1ddee01414.png-700x783.webp 700w\" sizes=\"(max-width: 737px) 100vw, 737px\" \/>\t\t\t\t\t\t\t\t\t\t\t\t\t\t\t<\/div>\n\t\t\t\t<div class=\"elementor-element elementor-element-751cec7 elementor-widget elementor-widget-text-editor\" data-id=\"751cec7\" data-element_type=\"widget\" data-e-type=\"widget\" data-widget_type=\"text-editor.default\">\n\t\t\t\t\t\t\t\t\t<ul><li data-start=\"967\" data-end=\"1060\"><p data-start=\"969\" data-end=\"1060\"><strong data-start=\"969\" data-end=\"987\">Kablosuz \u00d6l\u00e7\u00fcm<\/strong>: Ger\u00e7ek anlamda kablosuz kullan\u0131m imk\u00e2n\u0131, karma\u015f\u0131k kablolardan kurtulma.<\/p><\/li><li data-start=\"1061\" data-end=\"1124\"><p data-start=\"1063\" data-end=\"1124\"><strong data-start=\"1063\" data-end=\"1083\">Kompakt ve Hafif<\/strong>: Kullan\u0131m\u0131 kolay, elde ta\u015f\u0131nabilir yap\u0131.<\/p><\/li><li data-start=\"1125\" data-end=\"1201\"><p data-start=\"1127\" data-end=\"1201\"><strong data-start=\"1127\" data-end=\"1146\">Hedefsiz Tarama<\/strong>: Marker gerekmeden y\u00fcksek do\u011frulukla tarama yapabilir.<\/p><\/li><li data-start=\"1202\" data-end=\"1253\"><p data-start=\"1204\" data-end=\"1253\"><strong data-start=\"1204\" data-end=\"1225\">120 FPS Kare H\u0131z\u0131<\/strong>: Y\u00fcksek h\u0131zl\u0131 veri toplama.<\/p><\/li><li data-start=\"1254\" data-end=\"1337\"><p data-start=\"1256\" data-end=\"1337\"><strong data-start=\"1256\" data-end=\"1277\">Bataryal\u0131 \u00c7al\u0131\u015fma<\/strong>: Entegre batarya ve \u00e7ift g\u00fc\u00e7 moduyla uzun s\u00fcreli operasyon.<\/p><\/li><li data-start=\"1338\" data-end=\"1369\"><p data-start=\"1340\" data-end=\"1369\"><strong data-start=\"1340\" data-end=\"1369\">0.02 mm&#8217;ye kadar do\u011fruluk<\/strong><\/p><\/li><li data-start=\"1370\" data-end=\"1413\"><p data-start=\"1372\" data-end=\"1413\"><strong data-start=\"1372\" data-end=\"1413\">K\u00fc\u00e7\u00fck ve Orta Boy Par\u00e7alar i\u00e7in \u0130deal<\/strong><\/p><\/li><\/ul>\t\t\t\t\t\t\t\t<\/div>\n\t\t\t\t\t<\/div>\n\t\t\t\t<\/div>\n\t\t<div class=\"elementor-element elementor-element-8b7deaf e-flex e-con-boxed e-con e-parent\" data-id=\"8b7deaf\" data-element_type=\"container\" data-e-type=\"container\">\n\t\t\t\t\t<div class=\"e-con-inner\">\n\t\t\t\t\t<\/div>\n\t\t\t\t<\/div>\n\t\t\t\t<\/div>\n\t\t","protected":false},"excerpt":{"rendered":"<p>Kablosuz \u00d6l\u00e7\u00fcm: Ger\u00e7ek anlamda kablosuz kullan\u0131m imk\u00e2n\u0131, karma\u015f\u0131k kablolardan kurtulma. Kompakt ve Hafif: Kullan\u0131m\u0131 kolay, elde ta\u015f\u0131nabilir yap\u0131. Hedefsiz Tarama: Marker gerekmeden y\u00fcksek do\u011frulukla tarama yapabilir. 120 FPS Kare H\u0131z\u0131: Y\u00fcksek h\u0131zl\u0131 veri toplama. Bataryal\u0131 \u00c7al\u0131\u015fma: Entegre batarya ve \u00e7ift g\u00fc\u00e7 moduyla uzun s\u00fcreli operasyon. 0.02 mm&#8217;ye kadar do\u011fruluk K\u00fc\u00e7\u00fck ve Orta Boy Par\u00e7alar i\u00e7in&hellip;<\/p>\n","protected":false},"featured_media":0,"comment_status":"closed","ping_status":"closed","template":"","meta":{"pagelayer_contact_templates":[],"_pagelayer_content":""},"product_brand":[],"product_cat":[65],"product_tag":[102,100,103,105,98,104,96,101,106,94,95,97,99],"class_list":{"0":"post-1765","1":"product","2":"type-product","3":"status-publish","5":"product_cat-scantech-3d","6":"product_tag-3d-lazer-tarama","7":"product_tag-bataryali-3d-tarayici","8":"product_tag-derin-delik-tarama","9":"product_tag-endustriyel-3d-olcum","10":"product_tag-hedefsiz-3d-tarama","11":"product_tag-hiper-ince-tarama","12":"product_tag-kablosuz-3d-olcum-sistemi","13":"product_tag-kenar-bilisimli-tarayici","14":"product_tag-kompakt-3d-tarayici","15":"product_tag-nimbletrack-gen2","16":"product_tag-scantech-3d-tarayici","17":"product_tag-tasinabilir-3d-tarayici","18":"product_tag-yuksek-dogruluklu-3d-tarama","20":"first","21":"instock","22":"shipping-taxable","23":"product-type-simple"},"yoast_head":"<!-- This site is optimized with the Yoast SEO plugin v27.5 - https:\/\/yoast.com\/product\/yoast-seo-wordpress\/ -->\n<title>NimbleTrack Gen2 - OFEMS<\/title>\n<meta name=\"description\" content=\"NimbleTrack Gen2, Scantech 3D taray\u0131c\u0131, kablosuz 3D \u00f6l\u00e7\u00fcm sistemi, ta\u015f\u0131nabilir 3D taray\u0131c\u0131, y\u00fcksek do\u011fruluklu 3D tarama,3D lazer tarama,end\u00fcstriyel 3D \u00f6l\u00e7\u00fcm\" \/>\n<meta name=\"robots\" content=\"index, follow, max-snippet:-1, max-image-preview:large, max-video-preview:-1\" \/>\n<link rel=\"canonical\" href=\"https:\/\/ofems.com\/?product=nimbletrack-gen2-3d-kablosuz-ve-noktasiz-tarama-cihazi\" \/>\n<meta property=\"og:locale\" content=\"tr_TR\" \/>\n<meta property=\"og:type\" content=\"article\" \/>\n<meta property=\"og:title\" content=\"NimbleTrack Gen2 - OFEMS\" \/>\n<meta property=\"og:description\" content=\"NimbleTrack Gen2, Scantech 3D taray\u0131c\u0131, kablosuz 3D \u00f6l\u00e7\u00fcm sistemi, ta\u015f\u0131nabilir 3D taray\u0131c\u0131, y\u00fcksek do\u011fruluklu 3D tarama,3D lazer tarama,end\u00fcstriyel 3D \u00f6l\u00e7\u00fcm\" \/>\n<meta property=\"og:url\" content=\"https:\/\/ofems.com\/?product=nimbletrack-gen2-3d-kablosuz-ve-noktasiz-tarama-cihazi\" \/>\n<meta property=\"og:site_name\" content=\"OFEMS\" \/>\n<meta property=\"article:modified_time\" content=\"2025-09-22T10:08:03+00:00\" \/>\n<meta property=\"og:image\" content=\"https:\/\/ofems.com\/wp-content\/uploads\/2025\/09\/37f3c7f775c434797771be1ddee01414.png.webp\" \/>\n\t<meta property=\"og:image:width\" content=\"737\" \/>\n\t<meta property=\"og:image:height\" content=\"824\" \/>\n\t<meta property=\"og:image:type\" content=\"image\/webp\" \/>\n<meta name=\"twitter:card\" content=\"summary_large_image\" \/>\n<script type=\"application\/ld+json\" class=\"yoast-schema-graph\">{\"@context\":\"https:\\\/\\\/schema.org\",\"@graph\":[{\"@type\":\"WebPage\",\"@id\":\"https:\\\/\\\/ofems.com\\\/?product=nimbletrack-gen2-3d-kablosuz-ve-noktasiz-tarama-cihazi\",\"url\":\"https:\\\/\\\/ofems.com\\\/?product=nimbletrack-gen2-3d-kablosuz-ve-noktasiz-tarama-cihazi\",\"name\":\"NimbleTrack Gen2 - OFEMS\",\"isPartOf\":{\"@id\":\"https:\\\/\\\/ofems.com\\\/#website\"},\"primaryImageOfPage\":{\"@id\":\"https:\\\/\\\/ofems.com\\\/?product=nimbletrack-gen2-3d-kablosuz-ve-noktasiz-tarama-cihazi#primaryimage\"},\"image\":{\"@id\":\"https:\\\/\\\/ofems.com\\\/?product=nimbletrack-gen2-3d-kablosuz-ve-noktasiz-tarama-cihazi#primaryimage\"},\"thumbnailUrl\":\"https:\\\/\\\/ofems.com\\\/wp-content\\\/uploads\\\/2025\\\/09\\\/37f3c7f775c434797771be1ddee01414.png.webp\",\"datePublished\":\"2025-09-22T10:04:19+00:00\",\"dateModified\":\"2025-09-22T10:08:03+00:00\",\"description\":\"NimbleTrack Gen2, Scantech 3D taray\u0131c\u0131, kablosuz 3D \u00f6l\u00e7\u00fcm sistemi, ta\u015f\u0131nabilir 3D taray\u0131c\u0131, y\u00fcksek do\u011fruluklu 3D tarama,3D lazer tarama,end\u00fcstriyel 3D \u00f6l\u00e7\u00fcm\",\"breadcrumb\":{\"@id\":\"https:\\\/\\\/ofems.com\\\/?product=nimbletrack-gen2-3d-kablosuz-ve-noktasiz-tarama-cihazi#breadcrumb\"},\"inLanguage\":\"tr\",\"potentialAction\":[{\"@type\":\"ReadAction\",\"target\":[\"https:\\\/\\\/ofems.com\\\/?product=nimbletrack-gen2-3d-kablosuz-ve-noktasiz-tarama-cihazi\"]}]},{\"@type\":\"ImageObject\",\"inLanguage\":\"tr\",\"@id\":\"https:\\\/\\\/ofems.com\\\/?product=nimbletrack-gen2-3d-kablosuz-ve-noktasiz-tarama-cihazi#primaryimage\",\"url\":\"https:\\\/\\\/ofems.com\\\/wp-content\\\/uploads\\\/2025\\\/09\\\/37f3c7f775c434797771be1ddee01414.png.webp\",\"contentUrl\":\"https:\\\/\\\/ofems.com\\\/wp-content\\\/uploads\\\/2025\\\/09\\\/37f3c7f775c434797771be1ddee01414.png.webp\",\"width\":737,\"height\":824},{\"@type\":\"BreadcrumbList\",\"@id\":\"https:\\\/\\\/ofems.com\\\/?product=nimbletrack-gen2-3d-kablosuz-ve-noktasiz-tarama-cihazi#breadcrumb\",\"itemListElement\":[{\"@type\":\"ListItem\",\"position\":1,\"name\":\"Anasayfa\",\"item\":\"https:\\\/\\\/ofems.com\\\/\"},{\"@type\":\"ListItem\",\"position\":2,\"name\":\"Shop\",\"item\":\"https:\\\/\\\/ofems.com\\\/?page_id=191\"},{\"@type\":\"ListItem\",\"position\":3,\"name\":\"NimbleTrack Gen2\"}]},{\"@type\":\"WebSite\",\"@id\":\"https:\\\/\\\/ofems.com\\\/#website\",\"url\":\"https:\\\/\\\/ofems.com\\\/\",\"name\":\"OFEMS\",\"description\":\"Birlikte Gelece\u011fe\",\"publisher\":{\"@id\":\"https:\\\/\\\/ofems.com\\\/#organization\"},\"potentialAction\":[{\"@type\":\"SearchAction\",\"target\":{\"@type\":\"EntryPoint\",\"urlTemplate\":\"https:\\\/\\\/ofems.com\\\/?s={search_term_string}\"},\"query-input\":{\"@type\":\"PropertyValueSpecification\",\"valueRequired\":true,\"valueName\":\"search_term_string\"}}],\"inLanguage\":\"tr\"},{\"@type\":\"Organization\",\"@id\":\"https:\\\/\\\/ofems.com\\\/#organization\",\"name\":\"OFEMS\",\"url\":\"https:\\\/\\\/ofems.com\\\/\",\"logo\":{\"@type\":\"ImageObject\",\"inLanguage\":\"tr\",\"@id\":\"https:\\\/\\\/ofems.com\\\/#\\\/schema\\\/logo\\\/image\\\/\",\"url\":\"https:\\\/\\\/ofems.com\\\/wp-content\\\/uploads\\\/2025\\\/04\\\/60828106.png\",\"contentUrl\":\"https:\\\/\\\/ofems.com\\\/wp-content\\\/uploads\\\/2025\\\/04\\\/60828106.png\",\"width\":800,\"height\":800,\"caption\":\"OFEMS\"},\"image\":{\"@id\":\"https:\\\/\\\/ofems.com\\\/#\\\/schema\\\/logo\\\/image\\\/\"}}]}<\/script>\n<!-- \/ Yoast SEO plugin. -->","yoast_head_json":{"title":"NimbleTrack Gen2 - OFEMS","description":"NimbleTrack Gen2, Scantech 3D taray\u0131c\u0131, kablosuz 3D \u00f6l\u00e7\u00fcm sistemi, ta\u015f\u0131nabilir 3D taray\u0131c\u0131, y\u00fcksek do\u011fruluklu 3D tarama,3D lazer tarama,end\u00fcstriyel 3D \u00f6l\u00e7\u00fcm","robots":{"index":"index","follow":"follow","max-snippet":"max-snippet:-1","max-image-preview":"max-image-preview:large","max-video-preview":"max-video-preview:-1"},"canonical":"https:\/\/ofems.com\/?product=nimbletrack-gen2-3d-kablosuz-ve-noktasiz-tarama-cihazi","og_locale":"tr_TR","og_type":"article","og_title":"NimbleTrack Gen2 - OFEMS","og_description":"NimbleTrack Gen2, Scantech 3D taray\u0131c\u0131, kablosuz 3D \u00f6l\u00e7\u00fcm sistemi, ta\u015f\u0131nabilir 3D taray\u0131c\u0131, y\u00fcksek do\u011fruluklu 3D tarama,3D lazer tarama,end\u00fcstriyel 3D \u00f6l\u00e7\u00fcm","og_url":"https:\/\/ofems.com\/?product=nimbletrack-gen2-3d-kablosuz-ve-noktasiz-tarama-cihazi","og_site_name":"OFEMS","article_modified_time":"2025-09-22T10:08:03+00:00","og_image":[{"width":737,"height":824,"url":"https:\/\/ofems.com\/wp-content\/uploads\/2025\/09\/37f3c7f775c434797771be1ddee01414.png.webp","type":"image\/webp"}],"twitter_card":"summary_large_image","schema":{"@context":"https:\/\/schema.org","@graph":[{"@type":"WebPage","@id":"https:\/\/ofems.com\/?product=nimbletrack-gen2-3d-kablosuz-ve-noktasiz-tarama-cihazi","url":"https:\/\/ofems.com\/?product=nimbletrack-gen2-3d-kablosuz-ve-noktasiz-tarama-cihazi","name":"NimbleTrack Gen2 - OFEMS","isPartOf":{"@id":"https:\/\/ofems.com\/#website"},"primaryImageOfPage":{"@id":"https:\/\/ofems.com\/?product=nimbletrack-gen2-3d-kablosuz-ve-noktasiz-tarama-cihazi#primaryimage"},"image":{"@id":"https:\/\/ofems.com\/?product=nimbletrack-gen2-3d-kablosuz-ve-noktasiz-tarama-cihazi#primaryimage"},"thumbnailUrl":"https:\/\/ofems.com\/wp-content\/uploads\/2025\/09\/37f3c7f775c434797771be1ddee01414.png.webp","datePublished":"2025-09-22T10:04:19+00:00","dateModified":"2025-09-22T10:08:03+00:00","description":"NimbleTrack Gen2, Scantech 3D taray\u0131c\u0131, kablosuz 3D \u00f6l\u00e7\u00fcm sistemi, ta\u015f\u0131nabilir 3D taray\u0131c\u0131, y\u00fcksek do\u011fruluklu 3D tarama,3D lazer tarama,end\u00fcstriyel 3D \u00f6l\u00e7\u00fcm","breadcrumb":{"@id":"https:\/\/ofems.com\/?product=nimbletrack-gen2-3d-kablosuz-ve-noktasiz-tarama-cihazi#breadcrumb"},"inLanguage":"tr","potentialAction":[{"@type":"ReadAction","target":["https:\/\/ofems.com\/?product=nimbletrack-gen2-3d-kablosuz-ve-noktasiz-tarama-cihazi"]}]},{"@type":"ImageObject","inLanguage":"tr","@id":"https:\/\/ofems.com\/?product=nimbletrack-gen2-3d-kablosuz-ve-noktasiz-tarama-cihazi#primaryimage","url":"https:\/\/ofems.com\/wp-content\/uploads\/2025\/09\/37f3c7f775c434797771be1ddee01414.png.webp","contentUrl":"https:\/\/ofems.com\/wp-content\/uploads\/2025\/09\/37f3c7f775c434797771be1ddee01414.png.webp","width":737,"height":824},{"@type":"BreadcrumbList","@id":"https:\/\/ofems.com\/?product=nimbletrack-gen2-3d-kablosuz-ve-noktasiz-tarama-cihazi#breadcrumb","itemListElement":[{"@type":"ListItem","position":1,"name":"Anasayfa","item":"https:\/\/ofems.com\/"},{"@type":"ListItem","position":2,"name":"Shop","item":"https:\/\/ofems.com\/?page_id=191"},{"@type":"ListItem","position":3,"name":"NimbleTrack Gen2"}]},{"@type":"WebSite","@id":"https:\/\/ofems.com\/#website","url":"https:\/\/ofems.com\/","name":"OFEMS","description":"Birlikte Gelece\u011fe","publisher":{"@id":"https:\/\/ofems.com\/#organization"},"potentialAction":[{"@type":"SearchAction","target":{"@type":"EntryPoint","urlTemplate":"https:\/\/ofems.com\/?s={search_term_string}"},"query-input":{"@type":"PropertyValueSpecification","valueRequired":true,"valueName":"search_term_string"}}],"inLanguage":"tr"},{"@type":"Organization","@id":"https:\/\/ofems.com\/#organization","name":"OFEMS","url":"https:\/\/ofems.com\/","logo":{"@type":"ImageObject","inLanguage":"tr","@id":"https:\/\/ofems.com\/#\/schema\/logo\/image\/","url":"https:\/\/ofems.com\/wp-content\/uploads\/2025\/04\/60828106.png","contentUrl":"https:\/\/ofems.com\/wp-content\/uploads\/2025\/04\/60828106.png","width":800,"height":800,"caption":"OFEMS"},"image":{"@id":"https:\/\/ofems.com\/#\/schema\/logo\/image\/"}}]}},"_links":{"self":[{"href":"https:\/\/ofems.com\/index.php?rest_route=\/wp\/v2\/product\/1765","targetHints":{"allow":["GET"]}}],"collection":[{"href":"https:\/\/ofems.com\/index.php?rest_route=\/wp\/v2\/product"}],"about":[{"href":"https:\/\/ofems.com\/index.php?rest_route=\/wp\/v2\/types\/product"}],"replies":[{"embeddable":true,"href":"https:\/\/ofems.com\/index.php?rest_route=%2Fwp%2Fv2%2Fcomments&post=1765"}],"version-history":[{"count":4,"href":"https:\/\/ofems.com\/index.php?rest_route=\/wp\/v2\/product\/1765\/revisions"}],"predecessor-version":[{"id":1770,"href":"https:\/\/ofems.com\/index.php?rest_route=\/wp\/v2\/product\/1765\/revisions\/1770"}],"wp:attachment":[{"href":"https:\/\/ofems.com\/index.php?rest_route=%2Fwp%2Fv2%2Fmedia&parent=1765"}],"wp:term":[{"taxonomy":"product_brand","embeddable":true,"href":"https:\/\/ofems.com\/index.php?rest_route=%2Fwp%2Fv2%2Fproduct_brand&post=1765"},{"taxonomy":"product_cat","embeddable":true,"href":"https:\/\/ofems.com\/index.php?rest_route=%2Fwp%2Fv2%2Fproduct_cat&post=1765"},{"taxonomy":"product_tag","embeddable":true,"href":"https:\/\/ofems.com\/index.php?rest_route=%2Fwp%2Fv2%2Fproduct_tag&post=1765"}],"curies":[{"name":"wp","href":"https:\/\/api.w.org\/{rel}","templated":true}]}}